{"id":167,"date":"2020-10-26T14:35:55","date_gmt":"2020-10-26T13:35:55","guid":{"rendered":"https:\/\/laku.lu\/?page_id=167"},"modified":"2025-07-25T08:22:58","modified_gmt":"2025-07-25T06:22:58","slug":"vorstand-koordination","status":"publish","type":"page","link":"https:\/\/laku.lu\/de\/laku\/vorstand-koordination\/","title":{"rendered":"Vorstand &amp; Koordination"},"content":{"rendered":"Der Vorstand der LAKU, bestehend aus jeweils zwei Vertretern des Naturpark Obersauer und der SEBES, sowie vier Landwirten, ist das Hauptentscheidungsgremium der Kooperation. Der Vorstand stimmt u.a. \u00fcber den Inhalt des j\u00e4hrlichen Ma\u00dfnahmenprogramms ab und dient dar\u00fcber hinaus auch als Plattform f\u00fcr den Austausch der Landwirte mit Ministerien und Organisationen. Die Koordination und das Management der LAKU erfolgt \u00fcber den Naturpark Obersauer und ist \u00fcber eine Konvention zwischen SEBES und Naturpark geregelt.<\/p>\n<p>&nbsp;<\/p>\n<p>&nbsp;<\/p>\n<h1 style=\"text-align: center\"><a href=\"https:\/\/laku.lu\/wp-content\/uploads\/sites\/2\/2025\/07\/RS13500_Shooting_00007.jpg\">Die Koordination<\/a><a href=\"https:\/\/laku.lu\/wp-content\/uploads\/sites\/2\/2025\/07\/RS13500_Shooting_00007.jpg\"><br \/>\n<img decoding=\"async\" loading=\"lazy\" class=\"wp-image-1633 aligncenter\" src=\"https:\/\/laku.lu\/wp-content\/uploads\/sites\/2\/2025\/07\/RS13500_Shooting_00007.jpg\" alt=\"\" width=\"942\" height=\"628\" srcset=\"https:\/\/laku.lu\/wp-content\/uploads\/sites\/2\/2025\/07\/RS13500_Shooting_00007.jpg 2048w, https:\/\/laku.lu\/wp-content\/uploads\/sites\/2\/2025\/07\/RS13500_Shooting_00007-300x200.jpg 300w, https:\/\/laku.lu\/wp-content\/uploads\/sites\/2\/2025\/07\/RS13500_Shooting_00007-1024x683.jpg 1024w, https:\/\/laku.lu\/wp-content\/uploads\/sites\/2\/2025\/07\/RS13500_Shooting_00007-768x512.jpg 768w, https:\/\/laku.lu\/wp-content\/uploads\/sites\/2\/2025\/07\/RS13500_Shooting_00007-1536x1024.jpg 1536w\" sizes=\"(max-width: 942px) 100vw, 942px\" \/><\/a><\/h1>\n<h5 style=\"text-align: center\"><em>v. l. n. r. Hilger Jemp, Katrin Scherer, Paul Nickels &amp; Martine Stoll<\/em><\/h5>","protected":false},"excerpt":{"rendered":"<p>Der Vorstand der LAKU, bestehend aus jeweils zwei Vertretern des Naturpark Obersauer und der SEBES, sowie vier Landwirten, ist das Hauptentscheidungsgremium der Kooperation. Der Vorstand stimmt u.a. \u00fcber den Inhalt des j\u00e4hrlichen Ma\u00dfnahmenprogramms ab und dient dar\u00fcber hinaus auch als Plattform f\u00fcr den Austausch der Landwirte mit Ministerien und Organisationen. Die Koordination und das Management&#8230;  <a class=\"excerpt-read-more\" href=\"https:\/\/laku.lu\/de\/laku\/vorstand-koordination\/\" title=\"ReadVorstand &amp; Koordination\">Read more &raquo;<\/a><\/p>\n","protected":false},"author":1,"featured_media":1422,"parent":29,"menu_order":2,"comment_status":"closed","ping_status":"closed","template":"","meta":[],"acf":[],"_links":{"self":[{"href":"https:\/\/laku.lu\/de\/wp-json\/wp\/v2\/pages\/167"}],"collection":[{"href":"https:\/\/laku.lu\/de\/wp-json\/wp\/v2\/pages"}],"about":[{"href":"https:\/\/laku.lu\/de\/wp-json\/wp\/v2\/types\/page"}],"author":[{"embeddable":true,"href":"https:\/\/laku.lu\/de\/wp-json\/wp\/v2\/users\/1"}],"replies":[{"embeddable":true,"href":"https:\/\/laku.lu\/de\/wp-json\/wp\/v2\/comments?post=167"}],"version-history":[{"count":7,"href":"https:\/\/laku.lu\/de\/wp-json\/wp\/v2\/pages\/167\/revisions"}],"predecessor-version":[{"id":1104,"href":"https:\/\/laku.lu\/de\/wp-json\/wp\/v2\/pages\/167\/revisions\/1104"}],"up":[{"embeddable":true,"href":"https:\/\/laku.lu\/de\/wp-json\/wp\/v2\/pages\/29"}],"wp:featuredmedia":[{"embeddable":true,"href":"https:\/\/laku.lu\/de\/wp-json\/wp\/v2\/media\/1422"}],"wp:attachment":[{"href":"https:\/\/laku.lu\/de\/wp-json\/wp\/v2\/media?parent=167"}],"curies":[{"name":"wp","href":"https:\/\/api.w.org\/{rel}","templated":true}]}}