{"id":251,"date":"2020-11-02T15:45:19","date_gmt":"2020-11-02T14:45:19","guid":{"rendered":"https:\/\/laku.lu\/?page_id=251"},"modified":"2025-03-13T09:12:17","modified_gmt":"2025-03-13T08:12:17","slug":"anmeldeformulare","status":"publish","type":"page","link":"https:\/\/laku.lu\/de\/anmeldeformulare\/","title":{"rendered":"Kostenerstattung"},"content":{"rendered":"Die LAKU unterst\u00fctzt ihre Mitglieder mit einer Vielzahl an Ma\u00dfnahmen \u2013 von der maschinellen Probenahme \u00fcber die mechanische Unkrautbek\u00e4mpfung bis hin zu weiteren hilfreichen Angeboten. Wenn Sie auf Ihrem Betrieb G\u00fclle separieren, Mist oder G\u00fclle transportieren, bitten wir Sie, unser Formular zur Kostenerstattung auszuf\u00fcllen.<\/p>\n<p>F\u00fcr den Einsatz von Striegel, Hacke oder Sch\u00e4lfr\u00e4se ist vorab ein schriftlicher Kostenvoranschlag zur Genehmigung einzureichen. Weitere Informationen finden Sie im j\u00e4hrlichen Ma\u00dfnahmeprogramm.<\/p>","protected":false},"excerpt":{"rendered":"<p>Die LAKU unterst\u00fctzt ihre Mitglieder mit einer Vielzahl an Ma\u00dfnahmen \u2013 von der maschinellen Probenahme \u00fcber die mechanische Unkrautbek\u00e4mpfung bis hin zu weiteren hilfreichen Angeboten. Wenn Sie auf Ihrem Betrieb G\u00fclle separieren, Mist oder G\u00fclle transportieren, bitten wir Sie, unser Formular zur Kostenerstattung auszuf\u00fcllen. F\u00fcr den Einsatz von Striegel, Hacke oder Sch\u00e4lfr\u00e4se ist vorab ein&#8230;  <a class=\"excerpt-read-more\" href=\"https:\/\/laku.lu\/de\/anmeldeformulare\/\" title=\"ReadKostenerstattung\">Read more &raquo;<\/a><\/p>\n","protected":false},"author":1,"featured_media":1179,"parent":0,"menu_order":0,"comment_status":"closed","ping_status":"closed","template":"","meta":[],"acf":[],"_links":{"self":[{"href":"https:\/\/laku.lu\/de\/wp-json\/wp\/v2\/pages\/251"}],"collection":[{"href":"https:\/\/laku.lu\/de\/wp-json\/wp\/v2\/pages"}],"about":[{"href":"https:\/\/laku.lu\/de\/wp-json\/wp\/v2\/types\/page"}],"author":[{"embeddable":true,"href":"https:\/\/laku.lu\/de\/wp-json\/wp\/v2\/users\/1"}],"replies":[{"embeddable":true,"href":"https:\/\/laku.lu\/de\/wp-json\/wp\/v2\/comments?post=251"}],"version-history":[{"count":20,"href":"https:\/\/laku.lu\/de\/wp-json\/wp\/v2\/pages\/251\/revisions"}],"predecessor-version":[{"id":1413,"href":"https:\/\/laku.lu\/de\/wp-json\/wp\/v2\/pages\/251\/revisions\/1413"}],"wp:featuredmedia":[{"embeddable":true,"href":"https:\/\/laku.lu\/de\/wp-json\/wp\/v2\/media\/1179"}],"wp:attachment":[{"href":"https:\/\/laku.lu\/de\/wp-json\/wp\/v2\/media?parent=251"}],"curies":[{"name":"wp","href":"https:\/\/api.w.org\/{rel}","templated":true}]}}