{"id":35,"date":"2017-09-13T18:22:53","date_gmt":"2017-09-13T16:22:53","guid":{"rendered":"https:\/\/laku.lu\/?page_id=35"},"modified":"2023-05-12T11:45:50","modified_gmt":"2023-05-12T09:45:50","slug":"qualite-de-leau","status":"publish","type":"page","link":"https:\/\/laku.lu\/de\/qualite-de-leau\/","title":{"rendered":"Wasserschutzzonen"},"content":{"rendered":"Eine Wasserschutzzone \u00fcber den gesamten luxemburgischen Teil des Einzugsgebietes des Lac de la Haute-S\u00fbre wird an der Stelle geschaffen, wo bisher nur eine Sanit\u00e4rschutzzone die unmittelbare Umgebung des Lac de la Haute-S\u00fbre abdeckt. Die Fl\u00e4che wird <strong>dreimal<\/strong> so gro\u00df sein und unterliegt der Wasserschutzverordnung.<\/p>\n<p>Gem\u00e4\u00df den neuen Wasserschutzbestimmungen wurden mehrere Schutzzonen festgelegt. Sie unterliegen je nach Entfernung zum See unterschiedlichen Verboten und Einschr\u00e4nkungen. Diese neue Verordnung hat nicht nur Auswirkungen auf die landwirtschaftliche Praxis in diesem Gebiet, sondern unter anderem auch auf die Forstwirtschaft und die Stadtverwaltung.","protected":false},"excerpt":{"rendered":"<p>Eine Wasserschutzzone \u00fcber den gesamten luxemburgischen Teil des Einzugsgebietes des Lac de la Haute-S\u00fbre wird an der Stelle geschaffen, wo bisher nur eine Sanit\u00e4rschutzzone die unmittelbare Umgebung des Lac de la Haute-S\u00fbre abdeckt. Die Fl\u00e4che wird dreimal so gro\u00df sein und unterliegt der Wasserschutzverordnung. Gem\u00e4\u00df den neuen Wasserschutzbestimmungen wurden mehrere Schutzzonen festgelegt. Sie unterliegen je&#8230;  <a class=\"excerpt-read-more\" href=\"https:\/\/laku.lu\/de\/qualite-de-leau\/\" title=\"ReadWasserschutzzonen\">Read more &raquo;<\/a><\/p>\n","protected":false},"author":1,"featured_media":1112,"parent":0,"menu_order":8,"comment_status":"closed","ping_status":"closed","template":"","meta":[],"acf":[],"_links":{"self":[{"href":"https:\/\/laku.lu\/de\/wp-json\/wp\/v2\/pages\/35"}],"collection":[{"href":"https:\/\/laku.lu\/de\/wp-json\/wp\/v2\/pages"}],"about":[{"href":"https:\/\/laku.lu\/de\/wp-json\/wp\/v2\/types\/page"}],"author":[{"embeddable":true,"href":"https:\/\/laku.lu\/de\/wp-json\/wp\/v2\/users\/1"}],"replies":[{"embeddable":true,"href":"https:\/\/laku.lu\/de\/wp-json\/wp\/v2\/comments?post=35"}],"version-history":[{"count":10,"href":"https:\/\/laku.lu\/de\/wp-json\/wp\/v2\/pages\/35\/revisions"}],"predecessor-version":[{"id":1490,"href":"https:\/\/laku.lu\/de\/wp-json\/wp\/v2\/pages\/35\/revisions\/1490"}],"wp:featuredmedia":[{"embeddable":true,"href":"https:\/\/laku.lu\/de\/wp-json\/wp\/v2\/media\/1112"}],"wp:attachment":[{"href":"https:\/\/laku.lu\/de\/wp-json\/wp\/v2\/media?parent=35"}],"curies":[{"name":"wp","href":"https:\/\/api.w.org\/{rel}","templated":true}]}}