{"id":69,"date":"2017-09-13T18:40:20","date_gmt":"2017-09-13T16:40:20","guid":{"rendered":"https:\/\/laku.lu\/?page_id=69"},"modified":"2023-07-27T14:47:34","modified_gmt":"2023-07-27T12:47:34","slug":"masnahmenprogramm","status":"publish","type":"page","link":"https:\/\/laku.lu\/de\/masnahmenprogramm\/","title":{"rendered":"Ma\u00dfnahmenprogramm"},"content":{"rendered":"Von der mechanischen Unkrautbek\u00e4mpfung \u00fcber die maschinell gest\u00fctzte Bodenprobenahme bis zur F\u00f6rderung von Alternativkulturen. Die LAKU stellt ihren Mitgliedern j\u00e4hrlich ein breit gef\u00e4chertes Ma\u00dfnahmenprogramm zur Seite, um ihnen ein nachhaltiges Wirtschaften im Sinne des Wasserschutzes zu erm\u00f6glichen.","protected":false},"excerpt":{"rendered":"<p>Von der mechanischen Unkrautbek\u00e4mpfung \u00fcber die maschinell gest\u00fctzte Bodenprobenahme bis zur F\u00f6rderung von Alternativkulturen. Die LAKU stellt ihren Mitgliedern j\u00e4hrlich ein breit gef\u00e4chertes Ma\u00dfnahmenprogramm zur Seite, um ihnen ein nachhaltiges Wirtschaften im Sinne des Wasserschutzes zu erm\u00f6glichen.<\/p>\n","protected":false},"author":1,"featured_media":1185,"parent":0,"menu_order":0,"comment_status":"closed","ping_status":"closed","template":"","meta":[],"acf":[],"_links":{"self":[{"href":"https:\/\/laku.lu\/de\/wp-json\/wp\/v2\/pages\/69"}],"collection":[{"href":"https:\/\/laku.lu\/de\/wp-json\/wp\/v2\/pages"}],"about":[{"href":"https:\/\/laku.lu\/de\/wp-json\/wp\/v2\/types\/page"}],"author":[{"embeddable":true,"href":"https:\/\/laku.lu\/de\/wp-json\/wp\/v2\/users\/1"}],"replies":[{"embeddable":true,"href":"https:\/\/laku.lu\/de\/wp-json\/wp\/v2\/comments?post=69"}],"version-history":[{"count":18,"href":"https:\/\/laku.lu\/de\/wp-json\/wp\/v2\/pages\/69\/revisions"}],"predecessor-version":[{"id":1186,"href":"https:\/\/laku.lu\/de\/wp-json\/wp\/v2\/pages\/69\/revisions\/1186"}],"wp:featuredmedia":[{"embeddable":true,"href":"https:\/\/laku.lu\/de\/wp-json\/wp\/v2\/media\/1185"}],"wp:attachment":[{"href":"https:\/\/laku.lu\/de\/wp-json\/wp\/v2\/media?parent=69"}],"curies":[{"name":"wp","href":"https:\/\/api.w.org\/{rel}","templated":true}]}}