{"id":81,"date":"2017-09-13T18:41:57","date_gmt":"2017-09-13T16:41:57","guid":{"rendered":"https:\/\/laku.lu\/?page_id=81"},"modified":"2023-03-13T13:21:58","modified_gmt":"2023-03-13T12:21:58","slug":"landmanager","status":"publish","type":"page","link":"https:\/\/laku.lu\/de\/landmanager\/","title":{"rendered":"LandManager"},"content":{"rendered":"Seit 2016 arbeitet die LAKU mit der Fl\u00e4chenmanagement-Software <em>LandManager<\/em>WSG. Dabei werden alle Fl\u00e4chen der Mitgliedsbetriebe in einer Datenbank erfasst und verwaltet. Im Herbst 2019 wurde das Programm dann um die Web-Applikation und die dazugeh\u00f6rige App erweitert, um den Mitgliedern ein digitales Fl\u00e4chenmanagement zu erm\u00f6glichen.<\/p>\n<p>Die Nutzung von LAKU Web und App bietet viele Vorteile. D\u00fcnger- und Pflanzenschutzmittelapplikationen k\u00f6nnen direkt auf der Fl\u00e4che mittels App eingetragen werden und auch die D\u00fcngeempfehlungen k\u00f6nnen eingesehen werden. Durch die Einspeisung der Daten in das LAKU-Web, k\u00f6nnen, im Fall einer Kontrolle durch die UNICO, anerkannte Berichte erstellt werden. Auch die Planung des kommenden Kulturjahres kann im LAKU Web vorgenommen werden. Eine weitere Option im Web ist das Einsehen der Bodenprobenkarten (N<sub>min<\/sub>&#8211; und Standardanalyseergebnisse) und der Zufuhr-\/Abfuhrkarten, um die N\u00e4hrstoff\u00fcbersch\u00fcsse besser einsch\u00e4tzen zu k\u00f6nnen. Au\u00dferdem sind die Ge- und Verbote der neuen Wasserschutzzonenverordnung im Einzugsgebiet des Obersauerstausees durch Hinweise und Warnungen eingebunden, welche den Landwirt beim Schutzzonenmanagement unterst\u00fctzen. Mittels dieser digitalen Anwendung werden die LAKU-Mitglieder im Bestreben einer wasserschutzgerechten Bewirtschaftung zus\u00e4tzlich unterst\u00fctzt.<\/p>\n<p>Falls Sie das LAKU Web und die App gerne nutzen m\u00f6chten, dann melden Sie sich bitte bei der Koordination der LAKU, um Ihre pers\u00f6nlichen Zugangsdaten zu erhalten.<\/p>\n<p>&nbsp;<\/p>\n<h5 style=\"text-align: center\"><span style=\"color: #000080\">APP DOWNLOAD: <\/span><span style=\"color: #3366ff\"><a style=\"color: #3366ff\" href=\"https:\/\/apps.apple.com\/lu\/app\/laku-app\/id1453882072?l=de\">APPLE STORE<\/a> \/\u00a0<a style=\"color: #3366ff\" href=\"https:\/\/play.google.com\/store\/apps\/details?id=com.zebris.sebeslmapp&amp;gl=DE\">GOOGLE PLAY<\/a><\/span><\/h5>","protected":false},"excerpt":{"rendered":"<p>Seit 2016 arbeitet die LAKU mit der Fl\u00e4chenmanagement-Software LandManagerWSG. Dabei werden alle Fl\u00e4chen der Mitgliedsbetriebe in einer Datenbank erfasst und verwaltet. Im Herbst 2019 wurde das Programm dann um die Web-Applikation und die dazugeh\u00f6rige App erweitert, um den Mitgliedern ein digitales Fl\u00e4chenmanagement zu erm\u00f6glichen. Die Nutzung von LAKU Web und App bietet viele Vorteile. D\u00fcnger-&#8230;  <a class=\"excerpt-read-more\" href=\"https:\/\/laku.lu\/de\/landmanager\/\" title=\"ReadLandManager\">Read more &raquo;<\/a><\/p>\n","protected":false},"author":1,"featured_media":423,"parent":0,"menu_order":5,"comment_status":"closed","ping_status":"closed","template":"","meta":[],"acf":[],"_links":{"self":[{"href":"https:\/\/laku.lu\/de\/wp-json\/wp\/v2\/pages\/81"}],"collection":[{"href":"https:\/\/laku.lu\/de\/wp-json\/wp\/v2\/pages"}],"about":[{"href":"https:\/\/laku.lu\/de\/wp-json\/wp\/v2\/types\/page"}],"author":[{"embeddable":true,"href":"https:\/\/laku.lu\/de\/wp-json\/wp\/v2\/users\/1"}],"replies":[{"embeddable":true,"href":"https:\/\/laku.lu\/de\/wp-json\/wp\/v2\/comments?post=81"}],"version-history":[{"count":19,"href":"https:\/\/laku.lu\/de\/wp-json\/wp\/v2\/pages\/81\/revisions"}],"predecessor-version":[{"id":1024,"href":"https:\/\/laku.lu\/de\/wp-json\/wp\/v2\/pages\/81\/revisions\/1024"}],"wp:featuredmedia":[{"embeddable":true,"href":"https:\/\/laku.lu\/de\/wp-json\/wp\/v2\/media\/423"}],"wp:attachment":[{"href":"https:\/\/laku.lu\/de\/wp-json\/wp\/v2\/media?parent=81"}],"curies":[{"name":"wp","href":"https:\/\/api.w.org\/{rel}","templated":true}]}}