{"id":86,"date":"2017-09-13T18:43:14","date_gmt":"2017-09-13T16:43:14","guid":{"rendered":"https:\/\/laku.lu\/?page_id=86"},"modified":"2026-04-02T11:33:31","modified_gmt":"2026-04-02T09:33:31","slug":"bodenanalysen","status":"publish","type":"page","link":"https:\/\/laku.lu\/de\/bodenanalysen\/","title":{"rendered":"Bodenanalysen"},"content":{"rendered":"Mittels der maschinengest\u00fctzten Probenahme auf den Fl\u00e4chen im LAKU-Gebiet, erleichtern wir dem Landwirt, durch Kenntnis der aktuellen N\u00e4hrstoffsituation im Boden, eine pr\u00e4zisere D\u00fcngeplanung, die im Endeffekt der Wasserqualit\u00e4t zugutekommt. Die Probenahme kann von allen Mitgliedsbetrieben f\u00fcr N<sub>min<\/sub> und Grundn\u00e4hrstoffe zu mehreren Perioden im Jahr in Anspruch genommen werden.<\/p>\n<p><img decoding=\"async\" loading=\"lazy\" class=\"alignnone wp-image-759 size-large\" src=\"https:\/\/laku.lu\/wp-content\/uploads\/sites\/2\/2021\/03\/DSC_0290-1024x685.jpg\" alt=\"\" width=\"1024\" height=\"685\" srcset=\"https:\/\/laku.lu\/wp-content\/uploads\/sites\/2\/2021\/03\/DSC_0290-1024x685.jpg 1024w, https:\/\/laku.lu\/wp-content\/uploads\/sites\/2\/2021\/03\/DSC_0290-300x201.jpg 300w, https:\/\/laku.lu\/wp-content\/uploads\/sites\/2\/2021\/03\/DSC_0290-768x513.jpg 768w, https:\/\/laku.lu\/wp-content\/uploads\/sites\/2\/2021\/03\/DSC_0290-1536x1027.jpg 1536w, https:\/\/laku.lu\/wp-content\/uploads\/sites\/2\/2021\/03\/DSC_0290.jpg 2048w\" sizes=\"(max-width: 1024px) 100vw, 1024px\" \/>","protected":false},"excerpt":{"rendered":"<p>Mittels der maschinengest\u00fctzten Probenahme auf den Fl\u00e4chen im LAKU-Gebiet, erleichtern wir dem Landwirt, durch Kenntnis der aktuellen N\u00e4hrstoffsituation im Boden, eine pr\u00e4zisere D\u00fcngeplanung, die im Endeffekt der Wasserqualit\u00e4t zugutekommt. Die Probenahme kann von allen Mitgliedsbetrieben f\u00fcr Nmin und Grundn\u00e4hrstoffe zu mehreren Perioden im Jahr in Anspruch genommen werden.<\/p>\n","protected":false},"author":1,"featured_media":1181,"parent":0,"menu_order":7,"comment_status":"closed","ping_status":"closed","template":"page-tables.php","meta":[],"acf":[],"_links":{"self":[{"href":"https:\/\/laku.lu\/de\/wp-json\/wp\/v2\/pages\/86"}],"collection":[{"href":"https:\/\/laku.lu\/de\/wp-json\/wp\/v2\/pages"}],"about":[{"href":"https:\/\/laku.lu\/de\/wp-json\/wp\/v2\/types\/page"}],"author":[{"embeddable":true,"href":"https:\/\/laku.lu\/de\/wp-json\/wp\/v2\/users\/1"}],"replies":[{"embeddable":true,"href":"https:\/\/laku.lu\/de\/wp-json\/wp\/v2\/comments?post=86"}],"version-history":[{"count":22,"href":"https:\/\/laku.lu\/de\/wp-json\/wp\/v2\/pages\/86\/revisions"}],"predecessor-version":[{"id":1611,"href":"https:\/\/laku.lu\/de\/wp-json\/wp\/v2\/pages\/86\/revisions\/1611"}],"wp:featuredmedia":[{"embeddable":true,"href":"https:\/\/laku.lu\/de\/wp-json\/wp\/v2\/media\/1181"}],"wp:attachment":[{"href":"https:\/\/laku.lu\/de\/wp-json\/wp\/v2\/media?parent=86"}],"curies":[{"name":"wp","href":"https:\/\/api.w.org\/{rel}","templated":true}]}}