{"id":169,"date":"2020-10-26T14:37:17","date_gmt":"2020-10-26T13:37:17","guid":{"rendered":"https:\/\/laku.lu\/?page_id=169"},"modified":"2021-04-19T15:58:27","modified_gmt":"2021-04-19T13:58:27","slug":"adhesion","status":"publish","type":"page","link":"https:\/\/laku.lu\/fr\/laku\/adhesion\/","title":{"rendered":"L&rsquo;affiliation"},"content":{"rendered":"Si vous exploitez des terres dans le bassin versant du Lac de la Haute-S\u00fbre et si vous \u00eates int\u00e9ress\u00e9 \u00e0 participer \u00e0 une agriculture respectueuse de l\u2019eau et \u00e9conomiquement plus durable, merci d\u2019imprimer la d\u00e9claration d\u2019adh\u00e9sion et le formulaire de contact associ\u00e9 et de les envoyer d\u00fbment remplis \u00e0 la coordination de la LAKU. L\u2019accord de coordination ne pr\u00e9sente qu\u2019un caract\u00e8re informatif et n\u2019est pas \u00e0 renvoyer. N\u2019h\u00e9sitez pas non plus \u00e0 contacter la coordination si vous avez d\u2019autres questions.<\/p>\n<p>En tant que membre, vous profitez pour l\u2019ensemble de vos terres situ\u00e9es dans le bassin versant du Lac de la Haute-S\u00fbre des mesures subventionn\u00e9es par la LAKU propos\u00e9es dans le programme de mesures annuel. Une consultation en mati\u00e8re de protection de l\u2019eau et de planification des engrais annuelle est l\u2019une des conditions d\u2019adh\u00e9sion \u00e0 la LAKU.","protected":false},"excerpt":{"rendered":"<p>Si vous exploitez des terres dans le bassin versant du Lac de la Haute-S\u00fbre et si vous \u00eates int\u00e9ress\u00e9 \u00e0 participer \u00e0 une agriculture respectueuse de l\u2019eau et \u00e9conomiquement plus durable, merci d\u2019imprimer la d\u00e9claration d\u2019adh\u00e9sion et le formulaire de contact associ\u00e9 et de les envoyer d\u00fbment remplis \u00e0 la coordination de la LAKU. L\u2019accord&#8230;  <a class=\"excerpt-read-more\" href=\"https:\/\/laku.lu\/fr\/laku\/adhesion\/\" title=\"ReadL&rsquo;affiliation\">Read more &raquo;<\/a><\/p>\n","protected":false},"author":1,"featured_media":641,"parent":29,"menu_order":3,"comment_status":"closed","ping_status":"closed","template":"","meta":[],"acf":[],"_links":{"self":[{"href":"https:\/\/laku.lu\/fr\/wp-json\/wp\/v2\/pages\/169"}],"collection":[{"href":"https:\/\/laku.lu\/fr\/wp-json\/wp\/v2\/pages"}],"about":[{"href":"https:\/\/laku.lu\/fr\/wp-json\/wp\/v2\/types\/page"}],"author":[{"embeddable":true,"href":"https:\/\/laku.lu\/fr\/wp-json\/wp\/v2\/users\/1"}],"replies":[{"embeddable":true,"href":"https:\/\/laku.lu\/fr\/wp-json\/wp\/v2\/comments?post=169"}],"version-history":[{"count":16,"href":"https:\/\/laku.lu\/fr\/wp-json\/wp\/v2\/pages\/169\/revisions"}],"predecessor-version":[{"id":741,"href":"https:\/\/laku.lu\/fr\/wp-json\/wp\/v2\/pages\/169\/revisions\/741"}],"up":[{"embeddable":true,"href":"https:\/\/laku.lu\/fr\/wp-json\/wp\/v2\/pages\/29"}],"wp:featuredmedia":[{"embeddable":true,"href":"https:\/\/laku.lu\/fr\/wp-json\/wp\/v2\/media\/641"}],"wp:attachment":[{"href":"https:\/\/laku.lu\/fr\/wp-json\/wp\/v2\/media?parent=169"}],"curies":[{"name":"wp","href":"https:\/\/api.w.org\/{rel}","templated":true}]}}