{"id":251,"date":"2020-11-02T15:45:19","date_gmt":"2020-11-02T14:45:19","guid":{"rendered":"https:\/\/laku.lu\/?page_id=251"},"modified":"2025-03-13T09:12:17","modified_gmt":"2025-03-13T08:12:17","slug":"anmeldeformulare","status":"publish","type":"page","link":"https:\/\/laku.lu\/fr\/anmeldeformulare\/","title":{"rendered":"Kostenerstattung"},"content":{"rendered":"La LAKU propose \u00e0 ses membres un grand nombre de mesures, comme l\u2019\u00e9chantillonnage des sols \u00e0 l\u2019aide de machines ou le d\u00e9sherbage m\u00e9canique. Si vous souhaitez appliquer des mesures \u00e0 vos terres, merci de choisir ci-dessous le formulaire correspondant \u00e0 votre demande et de l\u2019envoyer d\u00fbment rempli \u00e0 la coordination de la LAKU. Votre demande sera trait\u00e9e dans les meilleurs d\u00e9lais.","protected":false},"excerpt":{"rendered":"<p>La LAKU propose \u00e0 ses membres un grand nombre de mesures, comme l\u2019\u00e9chantillonnage des sols \u00e0 l\u2019aide de machines ou le d\u00e9sherbage m\u00e9canique. Si vous souhaitez appliquer des mesures \u00e0 vos terres, merci de choisir ci-dessous le formulaire correspondant \u00e0 votre demande et de l\u2019envoyer d\u00fbment rempli \u00e0 la coordination de la LAKU. Votre demande&#8230;  <a class=\"excerpt-read-more\" href=\"https:\/\/laku.lu\/fr\/anmeldeformulare\/\" title=\"ReadKostenerstattung\">Read more &raquo;<\/a><\/p>\n","protected":false},"author":1,"featured_media":1179,"parent":0,"menu_order":0,"comment_status":"closed","ping_status":"closed","template":"","meta":[],"acf":[],"_links":{"self":[{"href":"https:\/\/laku.lu\/fr\/wp-json\/wp\/v2\/pages\/251"}],"collection":[{"href":"https:\/\/laku.lu\/fr\/wp-json\/wp\/v2\/pages"}],"about":[{"href":"https:\/\/laku.lu\/fr\/wp-json\/wp\/v2\/types\/page"}],"author":[{"embeddable":true,"href":"https:\/\/laku.lu\/fr\/wp-json\/wp\/v2\/users\/1"}],"replies":[{"embeddable":true,"href":"https:\/\/laku.lu\/fr\/wp-json\/wp\/v2\/comments?post=251"}],"version-history":[{"count":20,"href":"https:\/\/laku.lu\/fr\/wp-json\/wp\/v2\/pages\/251\/revisions"}],"predecessor-version":[{"id":1413,"href":"https:\/\/laku.lu\/fr\/wp-json\/wp\/v2\/pages\/251\/revisions\/1413"}],"wp:featuredmedia":[{"embeddable":true,"href":"https:\/\/laku.lu\/fr\/wp-json\/wp\/v2\/media\/1179"}],"wp:attachment":[{"href":"https:\/\/laku.lu\/fr\/wp-json\/wp\/v2\/media?parent=251"}],"curies":[{"name":"wp","href":"https:\/\/api.w.org\/{rel}","templated":true}]}}