{"id":269,"date":"2020-11-05T10:39:49","date_gmt":"2020-11-05T09:39:49","guid":{"rendered":"https:\/\/laku.lu\/?page_id=269"},"modified":"2021-04-19T17:03:19","modified_gmt":"2021-04-19T15:03:19","slug":"artikel","status":"publish","type":"page","link":"https:\/\/laku.lu\/fr\/artikel\/","title":{"rendered":"Articles"},"content":{"rendered":"Gr\u00e2ce \u00e0 la publication d\u2019articles dans la presse (sp\u00e9cialis\u00e9e dans l\u2019agriculture), les travaux de la LAKU, de ses membres et de ses partenaires, ainsi que le succ\u00e8s des mesures, sont pr\u00e9sent\u00e9s au grand public.<\/p>\n<p>Veuillez noter que la majorit\u00e9 des articles ont \u00e9t\u00e9 publi\u00e9s en allemand.","protected":false},"excerpt":{"rendered":"<p>Gr\u00e2ce \u00e0 la publication d\u2019articles dans la presse (sp\u00e9cialis\u00e9e dans l\u2019agriculture), les travaux de la LAKU, de ses membres et de ses partenaires, ainsi que le succ\u00e8s des mesures, sont pr\u00e9sent\u00e9s au grand public. Veuillez noter que la majorit\u00e9 des articles ont \u00e9t\u00e9 publi\u00e9s en allemand.<\/p>\n","protected":false},"author":1,"featured_media":815,"parent":0,"menu_order":0,"comment_status":"closed","ping_status":"closed","template":"","meta":[],"acf":[],"_links":{"self":[{"href":"https:\/\/laku.lu\/fr\/wp-json\/wp\/v2\/pages\/269"}],"collection":[{"href":"https:\/\/laku.lu\/fr\/wp-json\/wp\/v2\/pages"}],"about":[{"href":"https:\/\/laku.lu\/fr\/wp-json\/wp\/v2\/types\/page"}],"author":[{"embeddable":true,"href":"https:\/\/laku.lu\/fr\/wp-json\/wp\/v2\/users\/1"}],"replies":[{"embeddable":true,"href":"https:\/\/laku.lu\/fr\/wp-json\/wp\/v2\/comments?post=269"}],"version-history":[{"count":8,"href":"https:\/\/laku.lu\/fr\/wp-json\/wp\/v2\/pages\/269\/revisions"}],"predecessor-version":[{"id":1483,"href":"https:\/\/laku.lu\/fr\/wp-json\/wp\/v2\/pages\/269\/revisions\/1483"}],"wp:featuredmedia":[{"embeddable":true,"href":"https:\/\/laku.lu\/fr\/wp-json\/wp\/v2\/media\/815"}],"wp:attachment":[{"href":"https:\/\/laku.lu\/fr\/wp-json\/wp\/v2\/media?parent=269"}],"curies":[{"name":"wp","href":"https:\/\/api.w.org\/{rel}","templated":true}]}}