{"id":31,"date":"2017-09-13T18:16:06","date_gmt":"2017-09-13T16:16:06","guid":{"rendered":"https:\/\/laku.lu\/?page_id=31"},"modified":"2023-08-29T12:12:18","modified_gmt":"2023-08-29T10:12:18","slug":"kooperation","status":"publish","type":"page","link":"https:\/\/laku.lu\/fr\/laku\/kooperation\/","title":{"rendered":"L&rsquo;origin"},"content":{"rendered":"La coop\u00e9ration entre les partenaires (agriculteurs, SEBES, Parc naturel de la Haute-S\u00fbre) a vu le jour en 2014 dans le cadre du groupe de travail agriculture du Contrat de Rivi\u00e8re de la Haute-S\u00fbre. L\u2019objectif vis\u00e9 est une exploitation agricole respectueuse de la qualit\u00e9 de l\u2019eau dans le bassin versant du Lac de la Haute-S\u00fbre, sans causer de pr\u00e9judices \u00e9conomiques. Un accord de coop\u00e9ration, sign\u00e9 le 27.10.2015 par les comit\u00e9s du Parc naturel de la Haute-S\u00fbre et du SEBES, et par les premiers agriculteurs, d\u00e9finit entre autres les objectifs, la structure et les conditions d\u2019adh\u00e9sion.","protected":false},"excerpt":{"rendered":"<p>La coop\u00e9ration entre les partenaires (agriculteurs, SEBES, Parc naturel de la Haute-S\u00fbre) a vu le jour en 2014 dans le cadre du groupe de travail agriculture du Contrat de Rivi\u00e8re de la Haute-S\u00fbre. L\u2019objectif vis\u00e9 est une exploitation agricole respectueuse de la qualit\u00e9 de l\u2019eau dans le bassin versant du Lac de la Haute-S\u00fbre, sans&#8230;  <a class=\"excerpt-read-more\" href=\"https:\/\/laku.lu\/fr\/laku\/kooperation\/\" title=\"ReadL&rsquo;origin\">Read more &raquo;<\/a><\/p>\n","protected":false},"author":1,"featured_media":1192,"parent":29,"menu_order":1,"comment_status":"closed","ping_status":"closed","template":"","meta":[],"acf":[],"_links":{"self":[{"href":"https:\/\/laku.lu\/fr\/wp-json\/wp\/v2\/pages\/31"}],"collection":[{"href":"https:\/\/laku.lu\/fr\/wp-json\/wp\/v2\/pages"}],"about":[{"href":"https:\/\/laku.lu\/fr\/wp-json\/wp\/v2\/types\/page"}],"author":[{"embeddable":true,"href":"https:\/\/laku.lu\/fr\/wp-json\/wp\/v2\/users\/1"}],"replies":[{"embeddable":true,"href":"https:\/\/laku.lu\/fr\/wp-json\/wp\/v2\/comments?post=31"}],"version-history":[{"count":8,"href":"https:\/\/laku.lu\/fr\/wp-json\/wp\/v2\/pages\/31\/revisions"}],"predecessor-version":[{"id":1225,"href":"https:\/\/laku.lu\/fr\/wp-json\/wp\/v2\/pages\/31\/revisions\/1225"}],"up":[{"embeddable":true,"href":"https:\/\/laku.lu\/fr\/wp-json\/wp\/v2\/pages\/29"}],"wp:featuredmedia":[{"embeddable":true,"href":"https:\/\/laku.lu\/fr\/wp-json\/wp\/v2\/media\/1192"}],"wp:attachment":[{"href":"https:\/\/laku.lu\/fr\/wp-json\/wp\/v2\/media?parent=31"}],"curies":[{"name":"wp","href":"https:\/\/api.w.org\/{rel}","templated":true}]}}