{"id":33,"date":"2017-09-13T18:16:24","date_gmt":"2017-09-13T16:16:24","guid":{"rendered":"https:\/\/laku.lu\/?page_id=33"},"modified":"2025-08-25T16:04:43","modified_gmt":"2025-08-25T14:04:43","slug":"karten","status":"publish","type":"page","link":"https:\/\/laku.lu\/fr\/laku\/karten\/","title":{"rendered":"Cartes"},"content":{"rendered":"La zone o\u00f9 op\u00e8re la LAKU couvre l\u2019ensemble de la partie luxembourgeoise du bassin versant du Lac de la Haute-S\u00fbre.","protected":false},"excerpt":{"rendered":"<p>La zone o\u00f9 op\u00e8re la LAKU couvre l\u2019ensemble de la partie luxembourgeoise du bassin versant du Lac de la Haute-S\u00fbre.<\/p>\n","protected":false},"author":1,"featured_media":836,"parent":29,"menu_order":4,"comment_status":"closed","ping_status":"closed","template":"page-maps.php","meta":[],"acf":[],"_links":{"self":[{"href":"https:\/\/laku.lu\/fr\/wp-json\/wp\/v2\/pages\/33"}],"collection":[{"href":"https:\/\/laku.lu\/fr\/wp-json\/wp\/v2\/pages"}],"about":[{"href":"https:\/\/laku.lu\/fr\/wp-json\/wp\/v2\/types\/page"}],"author":[{"embeddable":true,"href":"https:\/\/laku.lu\/fr\/wp-json\/wp\/v2\/users\/1"}],"replies":[{"embeddable":true,"href":"https:\/\/laku.lu\/fr\/wp-json\/wp\/v2\/comments?post=33"}],"version-history":[{"count":13,"href":"https:\/\/laku.lu\/fr\/wp-json\/wp\/v2\/pages\/33\/revisions"}],"predecessor-version":[{"id":1640,"href":"https:\/\/laku.lu\/fr\/wp-json\/wp\/v2\/pages\/33\/revisions\/1640"}],"up":[{"embeddable":true,"href":"https:\/\/laku.lu\/fr\/wp-json\/wp\/v2\/pages\/29"}],"wp:featuredmedia":[{"embeddable":true,"href":"https:\/\/laku.lu\/fr\/wp-json\/wp\/v2\/media\/836"}],"wp:attachment":[{"href":"https:\/\/laku.lu\/fr\/wp-json\/wp\/v2\/media?parent=33"}],"curies":[{"name":"wp","href":"https:\/\/api.w.org\/{rel}","templated":true}]}}