{"id":35,"date":"2017-09-13T18:22:53","date_gmt":"2017-09-13T16:22:53","guid":{"rendered":"https:\/\/laku.lu\/?page_id=35"},"modified":"2023-05-12T11:45:50","modified_gmt":"2023-05-12T09:45:50","slug":"qualite-de-leau","status":"publish","type":"page","link":"https:\/\/laku.lu\/fr\/qualite-de-leau\/","title":{"rendered":"Zones de protection de l\u2019eau"},"content":{"rendered":"Une zone de protection de l\u2019eau sur toute la partie luxembourgeoise du bassin versant du Lac de la Haute-S\u00fbre verra le jour \u00e0 l\u2019endroit o\u00f9, jusqu\u2019\u00e0 pr\u00e9sent, seule une zone de protection sanitaire couvre les alentours imm\u00e9diats du Lac de la Haute-S\u00fbre. La superficie sera trois fois plus grande et soumise au r\u00e8glement sur la protection de l\u2019eau.<\/p>\n<p>Conform\u00e9ment \u00e0 la nouvelle r\u00e9glementation sur la protection de l\u2019eau, plusieurs zones de protection ont \u00e9t\u00e9 d\u00e9finies. Elles sont soumises \u00e0 diff\u00e9rentes interdictions et contraintes en fonction de leur distance par rapport au lac. Ce nouveau r\u00e8glement a non seulement un impact sur la pratique agricole dans la zone, mais, entre autres, \u00e9galement sur l\u2019exploitation foresti\u00e8re et la gestion urbaine.","protected":false},"excerpt":{"rendered":"<p>Une zone de protection de l\u2019eau sur toute la partie luxembourgeoise du bassin versant du Lac de la Haute-S\u00fbre verra le jour \u00e0 l\u2019endroit o\u00f9, jusqu\u2019\u00e0 pr\u00e9sent, seule une zone de protection sanitaire couvre les alentours imm\u00e9diats du Lac de la Haute-S\u00fbre. La superficie sera trois fois plus grande et soumise au r\u00e8glement sur la&#8230;  <a class=\"excerpt-read-more\" href=\"https:\/\/laku.lu\/fr\/qualite-de-leau\/\" title=\"ReadZones de protection de l\u2019eau\">Read more &raquo;<\/a><\/p>\n","protected":false},"author":1,"featured_media":1112,"parent":0,"menu_order":8,"comment_status":"closed","ping_status":"closed","template":"","meta":[],"acf":[],"_links":{"self":[{"href":"https:\/\/laku.lu\/fr\/wp-json\/wp\/v2\/pages\/35"}],"collection":[{"href":"https:\/\/laku.lu\/fr\/wp-json\/wp\/v2\/pages"}],"about":[{"href":"https:\/\/laku.lu\/fr\/wp-json\/wp\/v2\/types\/page"}],"author":[{"embeddable":true,"href":"https:\/\/laku.lu\/fr\/wp-json\/wp\/v2\/users\/1"}],"replies":[{"embeddable":true,"href":"https:\/\/laku.lu\/fr\/wp-json\/wp\/v2\/comments?post=35"}],"version-history":[{"count":10,"href":"https:\/\/laku.lu\/fr\/wp-json\/wp\/v2\/pages\/35\/revisions"}],"predecessor-version":[{"id":1490,"href":"https:\/\/laku.lu\/fr\/wp-json\/wp\/v2\/pages\/35\/revisions\/1490"}],"wp:featuredmedia":[{"embeddable":true,"href":"https:\/\/laku.lu\/fr\/wp-json\/wp\/v2\/media\/1112"}],"wp:attachment":[{"href":"https:\/\/laku.lu\/fr\/wp-json\/wp\/v2\/media?parent=35"}],"curies":[{"name":"wp","href":"https:\/\/api.w.org\/{rel}","templated":true}]}}