{"id":69,"date":"2017-09-13T18:40:20","date_gmt":"2017-09-13T16:40:20","guid":{"rendered":"https:\/\/laku.lu\/?page_id=69"},"modified":"2023-07-27T14:47:34","modified_gmt":"2023-07-27T12:47:34","slug":"masnahmenprogramm","status":"publish","type":"page","link":"https:\/\/laku.lu\/fr\/masnahmenprogramm\/","title":{"rendered":"Programme de mesures"},"content":{"rendered":"Du d\u00e9sherbage m\u00e9canique \u00e0 l\u2019\u00e9chantillonnage des sols \u00e0 l\u2019aide de machines en passant par la promotion des cultures alternatives. Chaque ann\u00e9e, la LAKU met \u00e0 disposition de ses membres un vaste programme de mesures leur permettant d\u2019exploiter leurs terres de mani\u00e8re durable et en ad\u00e9quation avec la protection de l\u2019eau.<\/p>\n<p>&nbsp;<\/p>","protected":false},"excerpt":{"rendered":"<p>Du d\u00e9sherbage m\u00e9canique \u00e0 l\u2019\u00e9chantillonnage des sols \u00e0 l\u2019aide de machines en passant par la promotion des cultures alternatives. Chaque ann\u00e9e, la LAKU met \u00e0 disposition de ses membres un vaste programme de mesures leur permettant d\u2019exploiter leurs terres de mani\u00e8re durable et en ad\u00e9quation avec la protection de l\u2019eau. &nbsp;<\/p>\n","protected":false},"author":1,"featured_media":1185,"parent":0,"menu_order":0,"comment_status":"closed","ping_status":"closed","template":"","meta":[],"acf":[],"_links":{"self":[{"href":"https:\/\/laku.lu\/fr\/wp-json\/wp\/v2\/pages\/69"}],"collection":[{"href":"https:\/\/laku.lu\/fr\/wp-json\/wp\/v2\/pages"}],"about":[{"href":"https:\/\/laku.lu\/fr\/wp-json\/wp\/v2\/types\/page"}],"author":[{"embeddable":true,"href":"https:\/\/laku.lu\/fr\/wp-json\/wp\/v2\/users\/1"}],"replies":[{"embeddable":true,"href":"https:\/\/laku.lu\/fr\/wp-json\/wp\/v2\/comments?post=69"}],"version-history":[{"count":18,"href":"https:\/\/laku.lu\/fr\/wp-json\/wp\/v2\/pages\/69\/revisions"}],"predecessor-version":[{"id":1186,"href":"https:\/\/laku.lu\/fr\/wp-json\/wp\/v2\/pages\/69\/revisions\/1186"}],"wp:featuredmedia":[{"embeddable":true,"href":"https:\/\/laku.lu\/fr\/wp-json\/wp\/v2\/media\/1185"}],"wp:attachment":[{"href":"https:\/\/laku.lu\/fr\/wp-json\/wp\/v2\/media?parent=69"}],"curies":[{"name":"wp","href":"https:\/\/api.w.org\/{rel}","templated":true}]}}